{"id":13,"date":"2013-03-27T19:18:28","date_gmt":"2013-03-27T19:18:28","guid":{"rendered":"https:\/\/windiver.serveftp.net\/wordpress\/?page_id=13"},"modified":"2023-02-04T11:31:34","modified_gmt":"2023-02-04T10:31:34","slug":"accueil-2","status":"publish","type":"page","link":"https:\/\/bioobs.fr\/blog\/","title":{"rendered":"D\u00e9couvrir, Reconna\u00eetre, Partager"},"content":{"rendered":"<p><span style=\"color: #0000ff\"><strong><a href=\"https:\/\/bioobs.fr\/espace-perso\/\">Carnet de plong\u00e9e<\/a> \u00e0 la disposition de tous, BioObs s\u2019adresse \u00e0 celles et ceux qui veulent :<\/strong><\/span><\/p>\n<ul>\n<li>Identifier les esp\u00e8ces rencontr\u00e9es au cours d\u2019une plong\u00e9e,<\/li>\n<li>Constituer un relev\u00e9 de leurs observations sur une ou plusieurs plong\u00e9es,<\/li>\n<li>Visualiser leur carnet de plong\u00e9e naturaliste,<\/li>\n<li>Contribuer \u00e0 une d\u00e9marche scientifique d\u2019inventaire des esp\u00e8ces,<\/li>\n<li>Conna\u00eetre l\u2019<a href=\"https:\/\/bioobs.fr\/bilan-des-observations\/par-espece\/\">aire de r\u00e9partition<\/a> de chaque esp\u00e8ce,<\/li>\n<li>S\u2019informer des esp\u00e8ces observables selon les diff\u00e9rents sites.<\/li>\n<\/ul>\n<p><strong><span style=\"color: #0000ff\">BioObs accompagne l\u2019\u00e9volution de la pratique des plongeurs mais aussi des apn\u00e9istes et naturalistes. <\/span><\/strong>Il r\u00e9pond aux attentes de ceux qui veulent en savoir plus sur le milieu naturel dans lequel ils \u00e9voluent.<\/p>\n<p>BioObs permet \u00e0 chacun, autonome ou guide de palanqu\u00e9e, de <a href=\"https:\/\/bioobs.fr\/bilan-des-observations\/par-zone-geographique\/\">pr\u00e9parer la plong\u00e9e<\/a> ou une sortie estran, en se renseignant sur les esp\u00e8ces observables dans la zone de plong\u00e9e pr\u00e9vue.<\/p>\n<p><span style=\"color: #0000ff\"><strong>BioObs s\u2019inscrit dans une d\u00e9marche de formation, personnelle ou collective.<\/strong> <\/span>Son fonctionnement repose sur le lien entre la <a href=\"https:\/\/bioobs.fr\/les-especes\/selection-fiche-espece\/\">connaissance des esp\u00e8ces<\/a> et <a href=\"https:\/\/bioobs.fr\/bilan-des-observations\/par-zone-geographique\/\">les observations faites sur le terrain<\/a>.<\/p>\n<p><span style=\"color: #0000ff\"><strong>BioObs est un outil de sciences participatives.<\/strong><\/span> Chacune de vos observations est transmise au Mus\u00e9um National d\u2019Histoire Naturelle (MNHN) et alimente l\u2019Inventaire national du patrimoine naturel (INPN). D\u2019autres protocoles (Cybelle M\u00e9diterran\u00e9e, Alien-Corse, Alien Occitanie, Alien Mer Normandie, mortalit\u00e9 des grandes nacres) compl\u00e8tent les possibilit\u00e9s d\u2019apporter sa \u00a0contribution.<\/p>\n<p><span style=\"color: #0000ff\"><strong>BioObs est un outil enti\u00e8rement\u00a0collaboratif. <\/strong><\/span>Il vous permet d&rsquo;observer et de partager, de recevoir et de donner. Il est ouvert \u00e0 tous et facile d\u2019acc\u00e8s\u00a0et d&rsquo;utilisation.<\/p>\n<p><span style=\"color: #0000ff\"><strong>BioObs est un bien-commun<\/strong><\/span> pour le b\u00e9n\u00e9fice de toute la communaut\u00e9 de ses utilisateurs. <strong> <span style=\"color: #ff0000\"><a title=\"Formulaire d'inscription\" href=\"\/blog\/wp-login.php?action=register\"><span style=\"color: #ff0000\">Vous pouvez nous rejoindre en vous inscrivant : ici<\/span><\/a><\/span><\/strong><\/p>\n","protected":false},"excerpt":{"rendered":"<p>Carnet de plong\u00e9e \u00e0 la disposition de tous, BioObs s\u2019adresse \u00e0 celles et ceux qui veulent : Identifier les esp\u00e8ces rencontr\u00e9es au cours d\u2019une plong\u00e9e, Constituer un relev\u00e9 de leurs observations sur<a class=\"moretag\" href=\"https:\/\/bioobs.fr\/blog\/\">Lire la suite&#8230;<\/a><\/p>\n","protected":false},"author":1,"featured_media":0,"parent":0,"menu_order":0,"comment_status":"closed","ping_status":"closed","template":"LC_accueil_v3.php","meta":{"footnotes":""},"yoast_head":"<!-- This site is optimized with the Yoast SEO plugin v21.7 - https:\/\/yoast.com\/wordpress\/plugins\/seo\/ -->\n<title>D\u00e9couvrir, Reconna\u00eetre, Partager - BioObs<\/title>\n<meta name=\"description\" content=\"Carnet de plong\u00e9e naturaliste en ligne, gratuit, BioObs est un outil de sciences participatives, dans une d\u00e9marche de formation, personnelle ou collective, \u00e0 la disposition de tous\" \/>\n<meta name=\"robots\" content=\"index, follow, max-snippet:-1, max-image-preview:large, max-video-preview:-1\" \/>\n<link rel=\"canonical\" href=\"https:\/\/bioobs.fr\/blog\/\" \/>\n<meta property=\"og:locale\" content=\"fr_FR\" \/>\n<meta property=\"og:type\" content=\"article\" \/>\n<meta property=\"og:title\" content=\"D\u00e9couvrir, Reconna\u00eetre, Partager - BioObs\" \/>\n<meta property=\"og:description\" content=\"Carnet de plong\u00e9e naturaliste en ligne, gratuit, BioObs est un outil de sciences participatives, dans une d\u00e9marche de formation, personnelle ou collective, \u00e0 la disposition de tous\" \/>\n<meta property=\"og:url\" content=\"https:\/\/bioobs.fr\/blog\/\" \/>\n<meta property=\"og:site_name\" content=\"BioObs\" \/>\n<meta property=\"article:modified_time\" content=\"2023-02-04T10:31:34+00:00\" \/>\n<meta name=\"twitter:card\" content=\"summary_large_image\" \/>\n<meta name=\"twitter:site\" content=\"@Amis_de_BioObs\" \/>\n<meta name=\"twitter:label1\" content=\"Dur\u00e9e de lecture estim\u00e9e\" \/>\n\t<meta name=\"twitter:data1\" content=\"1 minute\" \/>\n<script type=\"application\/ld+json\" class=\"yoast-schema-graph\">{\"@context\":\"https:\/\/schema.org\",\"@graph\":[{\"@type\":\"WebPage\",\"@id\":\"https:\/\/bioobs.fr\/blog\/\",\"url\":\"https:\/\/bioobs.fr\/blog\/\",\"name\":\"D\u00e9couvrir, Reconna\u00eetre, Partager - BioObs\",\"isPartOf\":{\"@id\":\"https:\/\/bioobs.fr\/blog\/#website\"},\"datePublished\":\"2013-03-27T19:18:28+00:00\",\"dateModified\":\"2023-02-04T10:31:34+00:00\",\"description\":\"Carnet de plong\u00e9e naturaliste en ligne, gratuit, BioObs est un outil de sciences participatives, dans une d\u00e9marche de formation, personnelle ou collective, \u00e0 la disposition de tous\",\"breadcrumb\":{\"@id\":\"https:\/\/bioobs.fr\/blog\/#breadcrumb\"},\"inLanguage\":\"fr-FR\",\"potentialAction\":[{\"@type\":\"ReadAction\",\"target\":[\"https:\/\/bioobs.fr\/blog\/\"]}]},{\"@type\":\"BreadcrumbList\",\"@id\":\"https:\/\/bioobs.fr\/blog\/#breadcrumb\",\"itemListElement\":[{\"@type\":\"ListItem\",\"position\":1,\"name\":\"Accueil\",\"item\":\"https:\/\/bioobs.fr\/blog\/\"},{\"@type\":\"ListItem\",\"position\":2,\"name\":\"D\u00e9couvrir, Reconna\u00eetre, Partager\"}]},{\"@type\":\"WebSite\",\"@id\":\"https:\/\/bioobs.fr\/blog\/#website\",\"url\":\"https:\/\/bioobs.fr\/blog\/\",\"name\":\"BioObs\",\"description\":\"Base pour l&#039;Inventaire des OBservations Subaquatiques - Carnet de plong\u00e9e naturaliste en ligne\",\"potentialAction\":[{\"@type\":\"SearchAction\",\"target\":{\"@type\":\"EntryPoint\",\"urlTemplate\":\"https:\/\/bioobs.fr\/blog\/?s={search_term_string}\"},\"query-input\":\"required name=search_term_string\"}],\"inLanguage\":\"fr-FR\"}]}<\/script>\n<!-- \/ Yoast SEO plugin. -->","yoast_head_json":{"title":"D\u00e9couvrir, Reconna\u00eetre, Partager - BioObs","description":"Carnet de plong\u00e9e naturaliste en ligne, gratuit, BioObs est un outil de sciences participatives, dans une d\u00e9marche de formation, personnelle ou collective, \u00e0 la disposition de tous","robots":{"index":"index","follow":"follow","max-snippet":"max-snippet:-1","max-image-preview":"max-image-preview:large","max-video-preview":"max-video-preview:-1"},"canonical":"https:\/\/bioobs.fr\/blog\/","og_locale":"fr_FR","og_type":"article","og_title":"D\u00e9couvrir, Reconna\u00eetre, Partager - BioObs","og_description":"Carnet de plong\u00e9e naturaliste en ligne, gratuit, BioObs est un outil de sciences participatives, dans une d\u00e9marche de formation, personnelle ou collective, \u00e0 la disposition de tous","og_url":"https:\/\/bioobs.fr\/blog\/","og_site_name":"BioObs","article_modified_time":"2023-02-04T10:31:34+00:00","twitter_card":"summary_large_image","twitter_site":"@Amis_de_BioObs","twitter_misc":{"Dur\u00e9e de lecture estim\u00e9e":"1 minute"},"schema":{"@context":"https:\/\/schema.org","@graph":[{"@type":"WebPage","@id":"https:\/\/bioobs.fr\/blog\/","url":"https:\/\/bioobs.fr\/blog\/","name":"D\u00e9couvrir, Reconna\u00eetre, Partager - BioObs","isPartOf":{"@id":"https:\/\/bioobs.fr\/blog\/#website"},"datePublished":"2013-03-27T19:18:28+00:00","dateModified":"2023-02-04T10:31:34+00:00","description":"Carnet de plong\u00e9e naturaliste en ligne, gratuit, BioObs est un outil de sciences participatives, dans une d\u00e9marche de formation, personnelle ou collective, \u00e0 la disposition de tous","breadcrumb":{"@id":"https:\/\/bioobs.fr\/blog\/#breadcrumb"},"inLanguage":"fr-FR","potentialAction":[{"@type":"ReadAction","target":["https:\/\/bioobs.fr\/blog\/"]}]},{"@type":"BreadcrumbList","@id":"https:\/\/bioobs.fr\/blog\/#breadcrumb","itemListElement":[{"@type":"ListItem","position":1,"name":"Accueil","item":"https:\/\/bioobs.fr\/blog\/"},{"@type":"ListItem","position":2,"name":"D\u00e9couvrir, Reconna\u00eetre, Partager"}]},{"@type":"WebSite","@id":"https:\/\/bioobs.fr\/blog\/#website","url":"https:\/\/bioobs.fr\/blog\/","name":"BioObs","description":"Base pour l&#039;Inventaire des OBservations Subaquatiques - Carnet de plong\u00e9e naturaliste en ligne","potentialAction":[{"@type":"SearchAction","target":{"@type":"EntryPoint","urlTemplate":"https:\/\/bioobs.fr\/blog\/?s={search_term_string}"},"query-input":"required name=search_term_string"}],"inLanguage":"fr-FR"}]}},"_links":{"self":[{"href":"https:\/\/bioobs.fr\/blog\/wp-json\/wp\/v2\/pages\/13"}],"collection":[{"href":"https:\/\/bioobs.fr\/blog\/wp-json\/wp\/v2\/pages"}],"about":[{"href":"https:\/\/bioobs.fr\/blog\/wp-json\/wp\/v2\/types\/page"}],"author":[{"embeddable":true,"href":"https:\/\/bioobs.fr\/blog\/wp-json\/wp\/v2\/users\/1"}],"replies":[{"embeddable":true,"href":"https:\/\/bioobs.fr\/blog\/wp-json\/wp\/v2\/comments?post=13"}],"version-history":[{"count":65,"href":"https:\/\/bioobs.fr\/blog\/wp-json\/wp\/v2\/pages\/13\/revisions"}],"predecessor-version":[{"id":6006,"href":"https:\/\/bioobs.fr\/blog\/wp-json\/wp\/v2\/pages\/13\/revisions\/6006"}],"wp:attachment":[{"href":"https:\/\/bioobs.fr\/blog\/wp-json\/wp\/v2\/media?parent=13"}],"curies":[{"name":"wp","href":"https:\/\/api.w.org\/{rel}","templated":true}]}}